{"id":1773,"date":"2017-01-09T13:03:48","date_gmt":"2017-01-09T12:03:48","guid":{"rendered":"https:\/\/sainte-radegondehautegoulaine.fr\/?page_id=1773"},"modified":"2026-04-09T08:40:34","modified_gmt":"2026-04-09T07:40:34","slug":"conseil-dadministration-ogec-2","status":"publish","type":"page","link":"https:\/\/sainte-radegondehautegoulaine.fr\/?page_id=1773","title":{"rendered":"Qu&#8217;est-ce qu&#8217;un OGEC &#8211; Conseil d&#8217;Administration"},"content":{"rendered":"<h2>Qu&#8217;est-ce qu&#8217;un OGEC<\/h2>\n<p>L&#8217;OGEC, Organisme de Gestion de l&#8217;enseignement Catholique, est une association loi de 1901 voulue par l&#8217;Enseignement Catholique pour \u00eatre au service de l&#8217;\u00e9tablissement d&#8217;enseignement en lui donnant une existence juridique et la personnalit\u00e9 morale.<\/p>\n<h3>Les missions de l&#8217;OGEC<\/h3>\n<p>La gestion financi\u00e8re et comptable de l&#8217;\u00e9tablissement.<br \/>\nL&#8217;entretien du patrimoine immobilier et mobilier.<br \/>\nLa fonction d&#8217;employeur des personnels non enseignants (asem, restauration, p\u00e9riscolaire, comptable, entretien, direction.).<\/p>\n<h3>Les membres OGEC<\/h3>\n<p>L&#8217;ogec est compos\u00e9 de membres b\u00e9n\u00e9voles et \u00e9lus, qui apportent leur exp\u00e9rience personnelle ou professionnelle pour veiller au bon fonctionnement financier et mat\u00e9riel de l&#8217;\u00e9tablissement dans le respect des orientations de l&#8217;enseignement catholique.<\/p>\n<p>Le conseil d&#8217;administration se r\u00e9unit tous les deux mois. Etant membres de droit, la pr\u00e9sidence de&nbsp;l&#8217;APEL et la direction de l&#8217;\u00e9tablissement sont pr\u00e9sentes \u00e0 ces r\u00e9unions.<\/p>\n<h2>Conseil d&#8217;administration OGEC 2025-2026<\/h2>\n<p><strong>Constitution du bureau<\/strong><br \/>\nPr\u00e9sident : St\u00e9phan Lefeuvre<br \/>\nVice pr\u00e9sident : Sylvain Levoyer<br \/>\nTr\u00e9sori\u00e8re : Nad\u00e8ge B\u00e9nureau \/ Val\u00e9rie Zetting<br \/>\nSecr\u00e9taire : Laura Lebrun<\/p>\n<p>&nbsp;<\/p>\n<p>&nbsp;<\/p>\n<p>&nbsp;<\/p>\n","protected":false},"excerpt":{"rendered":"<p>Qu&#8217;est-ce qu&#8217;un OGEC L&#8217;OGEC, Organisme de Gestion de l&#8217;enseignement Catholique, est une association loi de 1901 voulue par l&#8217;Enseignement Catholique pour \u00eatre au service de l&#8217;\u00e9tablissement d&#8217;enseignement en lui donnant une existence juridique et la personnalit\u00e9 morale. Les missions de l&#8217;OGEC La gestion financi\u00e8re et comptable de l&#8217;\u00e9tablissement. L&#8217;entretien du patrimoine immobilier et mobilier. La<\/p>\n<p><a href=\"https:\/\/sainte-radegondehautegoulaine.fr\/?page_id=1773\" class=\"more-link themebutton\">Lire la suite<\/a><\/p>\n","protected":false},"author":2,"featured_media":0,"parent":74,"menu_order":0,"comment_status":"closed","ping_status":"closed","template":"","meta":{"ngg_post_thumbnail":0,"footnotes":""},"_links":{"self":[{"href":"https:\/\/sainte-radegondehautegoulaine.fr\/index.php?rest_route=\/wp\/v2\/pages\/1773"}],"collection":[{"href":"https:\/\/sainte-radegondehautegoulaine.fr\/index.php?rest_route=\/wp\/v2\/pages"}],"about":[{"href":"https:\/\/sainte-radegondehautegoulaine.fr\/index.php?rest_route=\/wp\/v2\/types\/page"}],"author":[{"embeddable":true,"href":"https:\/\/sainte-radegondehautegoulaine.fr\/index.php?rest_route=\/wp\/v2\/users\/2"}],"replies":[{"embeddable":true,"href":"https:\/\/sainte-radegondehautegoulaine.fr\/index.php?rest_route=%2Fwp%2Fv2%2Fcomments&post=1773"}],"version-history":[{"count":14,"href":"https:\/\/sainte-radegondehautegoulaine.fr\/index.php?rest_route=\/wp\/v2\/pages\/1773\/revisions"}],"predecessor-version":[{"id":8432,"href":"https:\/\/sainte-radegondehautegoulaine.fr\/index.php?rest_route=\/wp\/v2\/pages\/1773\/revisions\/8432"}],"up":[{"embeddable":true,"href":"https:\/\/sainte-radegondehautegoulaine.fr\/index.php?rest_route=\/wp\/v2\/pages\/74"}],"wp:attachment":[{"href":"https:\/\/sainte-radegondehautegoulaine.fr\/index.php?rest_route=%2Fwp%2Fv2%2Fmedia&parent=1773"}],"curies":[{"name":"wp","href":"https:\/\/api.w.org\/{rel}","templated":true}]}}