{"id":2,"date":"2015-06-29T06:47:39","date_gmt":"2015-06-29T05:47:39","guid":{"rendered":"https:\/\/sainte-radegondehautegoulaine.fr\/?page_id=2"},"modified":"2026-03-23T10:00:46","modified_gmt":"2026-03-23T09:00:46","slug":"accueil","status":"publish","type":"page","link":"https:\/\/sainte-radegondehautegoulaine.fr\/","title":{"rendered":"Accueil"},"content":{"rendered":"<div id=\"pl-2\"  class=\"panel-layout\" ><div id=\"pg-2-0\"  class=\"panel-grid panel-no-style\" ><div id=\"pgc-2-0-0\"  class=\"panel-grid-cell\" ><div id=\"panel-2-0-0-0\" class=\"so-panel widget widget_sow-editor panel-first-child panel-last-child\" data-index=\"0\" ><div class=\"panel-widget-style panel-widget-style-for-2-0-0-0\" ><div\n\t\t\t\n\t\t\tclass=\"so-widget-sow-editor so-widget-sow-editor-base\"\n\t\t\t\n\t\t>\n<div class=\"siteorigin-widget-tinymce textwidget\">\n\t<p>&nbsp;<\/p>\n<p style=\"text-align: center;\"><strong>INSCRIPTIONS Septembre 2026<\/strong><\/p>\n<p style=\"text-align: center;\"><span style=\"color: #000000;\">Une pr\u00e9sentation de notre \u00e9cole et ses projets sont en ligne sur ce site.&nbsp;<\/span><\/p>\n<p style=\"text-align: center;\"><span style=\"color: #000000;\">Pour toute inscription, visite ou renseignements, appeler le chef d'\u00e9tablissement au 0240549734 ou 0785774368 ou envoyer un mail \u00e0 ec.hte-goulaine.ste-radegonde@ec44.fr<\/span><\/p>\n<p>&nbsp;<\/p>\n<p style=\"text-align: center;\"><strong>Portes Ouvertes<\/strong><\/p>\n<p style=\"text-align: center;\">Samedi 31 janvier de 9h \u00e0 12h<\/p>\n<p style=\"text-align: center;\">L'\u00e9quipe \u00e9ducative et les associations de parents vous attendent pour vous faire d\u00e9couvrir l'\u00e9cole.<\/p>\n<p style=\"text-align: center;\">Venez nombreux !<\/p>\n<p style=\"text-align: center;\"><a href=\"https:\/\/sainte-radegondehautegoulaine.fr\/wp-content\/uploads\/2025\/12\/Affiche-PO-31-janvier-2026.jpg\"><img loading=\"lazy\" decoding=\"async\" class=\" wp-image-8034 aligncenter\" src=\"https:\/\/sainte-radegondehautegoulaine.fr\/wp-content\/uploads\/2025\/12\/Affiche-PO-31-janvier-2026-212x300.jpg\" alt=\"\" width=\"289\" height=\"409\" srcset=\"https:\/\/sainte-radegondehautegoulaine.fr\/wp-content\/uploads\/2025\/12\/Affiche-PO-31-janvier-2026-212x300.jpg 212w, https:\/\/sainte-radegondehautegoulaine.fr\/wp-content\/uploads\/2025\/12\/Affiche-PO-31-janvier-2026-724x1024.jpg 724w, https:\/\/sainte-radegondehautegoulaine.fr\/wp-content\/uploads\/2025\/12\/Affiche-PO-31-janvier-2026-768x1086.jpg 768w, https:\/\/sainte-radegondehautegoulaine.fr\/wp-content\/uploads\/2025\/12\/Affiche-PO-31-janvier-2026-1086x1536.jpg 1086w, https:\/\/sainte-radegondehautegoulaine.fr\/wp-content\/uploads\/2025\/12\/Affiche-PO-31-janvier-2026.jpg 1131w\" sizes=\"(max-width: 289px) 100vw, 289px\" \/><\/a><\/p>\n<p>&nbsp;<\/p>\n<h3 style=\"text-align: center;\">&nbsp;<\/h3>\n<h2 style=\"text-align: center;\"><span style=\"color: #ff0000;\">&nbsp;<\/span><\/h2>\n<p>&nbsp;<\/p>\n<\/div>\n<\/div><\/div><\/div><\/div><div id=\"pgc-2-0-1\"  class=\"panel-grid-cell\" ><div id=\"panel-2-0-1-0\" class=\"so-panel widget widget_sow-editor panel-first-child\" data-index=\"1\" ><div class=\"panel-widget-style panel-widget-style-for-2-0-1-0\" ><div\n\t\t\t\n\t\t\tclass=\"so-widget-sow-editor so-widget-sow-editor-base\"\n\t\t\t\n\t\t>\n<div class=\"siteorigin-widget-tinymce textwidget\">\n\t<p style=\"text-align: center;\"><strong>Projet d'\u00e9cole 2025 \/ 2026<\/strong><\/p>\n<p style=\"text-align: center;\"><strong>\"Sainte Radegonde autour du monde !\"<\/strong><\/p>\n<p style=\"text-align: center;\"><strong>Le voyage continue !<\/strong><\/p>\n<p><a href=\"https:\/\/sainte-radegondehautegoulaine.fr\/wp-content\/uploads\/2026\/03\/istockphoto-1473472319-612x612-1.jpg\"><img loading=\"lazy\" decoding=\"async\" class=\"size-medium wp-image-8232\" src=\"https:\/\/sainte-radegondehautegoulaine.fr\/wp-content\/uploads\/2026\/03\/istockphoto-1473472319-612x612-1-300x300.jpg\" alt=\"\" width=\"300\" height=\"300\" srcset=\"https:\/\/sainte-radegondehautegoulaine.fr\/wp-content\/uploads\/2026\/03\/istockphoto-1473472319-612x612-1-300x300.jpg 300w, https:\/\/sainte-radegondehautegoulaine.fr\/wp-content\/uploads\/2026\/03\/istockphoto-1473472319-612x612-1-150x150.jpg 150w, https:\/\/sainte-radegondehautegoulaine.fr\/wp-content\/uploads\/2026\/03\/istockphoto-1473472319-612x612-1.jpg 612w\" sizes=\"(max-width: 300px) 100vw, 300px\" \/><\/a><\/p>\n<\/div>\n<\/div><\/div><\/div><div id=\"panel-2-0-1-1\" class=\"so-panel widget widget_sow-editor\" data-index=\"2\" ><div class=\"panel-widget-style panel-widget-style-for-2-0-1-1\" ><div\n\t\t\t\n\t\t\tclass=\"so-widget-sow-editor so-widget-sow-editor-base\"\n\t\t\t\n\t\t>\n<div class=\"siteorigin-widget-tinymce textwidget\">\n\t<p style=\"text-align: center;\"><strong>Projet d'\u00e9cole 2024 \/ 2025<\/strong><\/p>\n<p style=\"text-align: center;\"><strong>\"Sainte Radegonde autour du monde !\"<\/strong><\/p>\n<p style=\"text-align: center;\"><a href=\"https:\/\/sainte-radegondehautegoulaine.fr\/wp-content\/uploads\/2024\/09\/3161f805-087e-4a2b-838e-203f3c75a3d0.jpg\"><img loading=\"lazy\" decoding=\"async\" class=\"wp-image-6695 alignleft\" src=\"https:\/\/sainte-radegondehautegoulaine.fr\/wp-content\/uploads\/2024\/09\/3161f805-087e-4a2b-838e-203f3c75a3d0-300x225.jpg\" alt=\"\" width=\"225\" height=\"169\" srcset=\"https:\/\/sainte-radegondehautegoulaine.fr\/wp-content\/uploads\/2024\/09\/3161f805-087e-4a2b-838e-203f3c75a3d0-300x225.jpg 300w, https:\/\/sainte-radegondehautegoulaine.fr\/wp-content\/uploads\/2024\/09\/3161f805-087e-4a2b-838e-203f3c75a3d0-1024x768.jpg 1024w, https:\/\/sainte-radegondehautegoulaine.fr\/wp-content\/uploads\/2024\/09\/3161f805-087e-4a2b-838e-203f3c75a3d0-768x576.jpg 768w, https:\/\/sainte-radegondehautegoulaine.fr\/wp-content\/uploads\/2024\/09\/3161f805-087e-4a2b-838e-203f3c75a3d0-1536x1152.jpg 1536w, https:\/\/sainte-radegondehautegoulaine.fr\/wp-content\/uploads\/2024\/09\/3161f805-087e-4a2b-838e-203f3c75a3d0.jpg 1600w\" sizes=\"(max-width: 225px) 100vw, 225px\" \/><\/a><\/p>\n<p><a href=\"https:\/\/sainte-radegondehautegoulaine.fr\/wp-content\/uploads\/2024\/09\/Capture-decran-2024-09-21-a-22.54.31.png\"><img loading=\"lazy\" decoding=\"async\" class=\"wp-image-6694 alignright\" src=\"https:\/\/sainte-radegondehautegoulaine.fr\/wp-content\/uploads\/2024\/09\/Capture-decran-2024-09-21-a-22.54.31-271x300.png\" alt=\"\" width=\"195\" height=\"216\" srcset=\"https:\/\/sainte-radegondehautegoulaine.fr\/wp-content\/uploads\/2024\/09\/Capture-decran-2024-09-21-a-22.54.31-271x300.png 271w, https:\/\/sainte-radegondehautegoulaine.fr\/wp-content\/uploads\/2024\/09\/Capture-decran-2024-09-21-a-22.54.31-768x850.png 768w, https:\/\/sainte-radegondehautegoulaine.fr\/wp-content\/uploads\/2024\/09\/Capture-decran-2024-09-21-a-22.54.31.png 882w\" sizes=\"(max-width: 195px) 100vw, 195px\" \/><\/a><\/p>\n<p>&nbsp;<\/p>\n<p>&nbsp;<\/p>\n<p>&nbsp;<\/p>\n<p>&nbsp;<\/p>\n<p>Pour cette nouvelle ann\u00e9e, Sainte Radegonde voyage autour du monde !&nbsp;<\/p>\n<p>&nbsp;<\/p>\n<\/div>\n<\/div><\/div><\/div><div id=\"panel-2-0-1-2\" class=\"so-panel widget widget_sow-editor panel-last-child\" data-index=\"3\" ><div class=\"panel-widget-style panel-widget-style-for-2-0-1-2\" ><div\n\t\t\t\n\t\t\tclass=\"so-widget-sow-editor so-widget-sow-editor-base\"\n\t\t\t\n\t\t>\n<div class=\"siteorigin-widget-tinymce textwidget\">\n\t<p style=\"text-align: center;\"><strong>Projet d'\u00e9cole 2023 \/ 2024<\/strong><\/p>\n<p style=\"text-align: center;\"><strong>\"Les JO, en route pour Paris 2024 !\"<\/strong><\/p>\n<p style=\"text-align: center;\"><a href=\"https:\/\/sainte-radegondehautegoulaine.fr\/wp-content\/uploads\/2023\/10\/PHOTO-2023-09-26-12-57-39.jpg\"><img loading=\"lazy\" decoding=\"async\" class=\"alignnone size-medium wp-image-6281\" src=\"https:\/\/sainte-radegondehautegoulaine.fr\/wp-content\/uploads\/2023\/10\/PHOTO-2023-09-26-12-57-39-300x225.jpg\" alt=\"\" width=\"300\" height=\"225\" srcset=\"https:\/\/sainte-radegondehautegoulaine.fr\/wp-content\/uploads\/2023\/10\/PHOTO-2023-09-26-12-57-39-300x225.jpg 300w, https:\/\/sainte-radegondehautegoulaine.fr\/wp-content\/uploads\/2023\/10\/PHOTO-2023-09-26-12-57-39-768x576.jpg 768w, https:\/\/sainte-radegondehautegoulaine.fr\/wp-content\/uploads\/2023\/10\/PHOTO-2023-09-26-12-57-39.jpg 1024w\" sizes=\"(max-width: 300px) 100vw, 300px\" \/><\/a><\/p>\n<p>Voici un aper\u00e7u de tout ce que les \u00e9l\u00e8ves ont v\u00e9cu pendant cette ann\u00e9e olympique :<\/p>\n<ul>\n<li>Mardi 26 septembre : La c\u00e9r\u00e9monie d'ouverture de l'\u00e9cole Sainte Radegonde<\/li>\n<li>&nbsp;<\/li>\n<li>Course du jeudi 12 octobre : passage de la flamme de l'ECVN dans notre \u00e9cole&nbsp;<\/li>\n<li>&nbsp;<\/li>\n<li>Vendredi 13 octobre :&nbsp; \u00ab Les 2024 m de Sainte Radegonde \u00bb &nbsp;: Course d\u2019endurance pour tous les enfants de l\u2019\u00e9cole de la PS au CM2 dans l\u2019enceinte de l\u2019\u00e9cole. Objectif : courir 2024 m un maximum de fois afin de relier notre \u00e9cole \u00e0 Paris !<\/li>\n<li>&nbsp;<\/li>\n<li>Vendredi 22 d\u00e9cembre : Matin\u00e9e sport adapt\u00e9 propos\u00e9 aux enfants du CE1 au CM2 : d\u00e9couverte du volley assis, du c\u00e9cifoot...<\/li>\n<li>&nbsp;<\/li>\n<li>D\u00e9fi 2 : \"tout ce qui bouge\" - flashmob r\u00e9alis\u00e9 par tous les enfants lors de la f\u00eate de No\u00ebl&nbsp;<\/li>\n<li>&nbsp;<\/li>\n<li>D\u00e9fi 3 en janvier : \"tout ce qui vole\" - ateliers bricolages inter-classes pour faire voler des avions, des cerf-volants...&nbsp;<\/li>\n<li>&nbsp;<\/li>\n<li>Journ\u00e9e olympique du 24 mai - d\u00e9couverte de plusieurs activit\u00e9s sportives lors d'une rencontre entre plusieurs \u00e9coles.<\/li>\n<li>&nbsp;<\/li>\n<li>Interventions de plusieurs intervenants pour d\u00e9couvrir le yoga, le basket, le foot, le hockey, &nbsp;le multi-sports tout au long de l'ann\u00e9e&nbsp;<\/li>\n<li>&nbsp;<\/li>\n<li>Sortie scolaire maternelle : vall\u00e9e des Korigans&nbsp;<\/li>\n<li>&nbsp;<\/li>\n<li>Sortie scolaire \u00e9l\u00e9mentaire : Pont Caffino - d\u00e9couverte du tir \u00e0 l'arc, escalade, course d'orientation, kayak&nbsp;<\/li>\n<li>&nbsp;<\/li>\n<li>Partenariat avec Marie Simon : joueuse dans l'\u00e9quipe de France de hockey sur gazon<\/li>\n<li>&nbsp;<\/li>\n<\/ul>\n<p>Cette ann\u00e9e \u00e9tait riche en \u00e9motions, nous avons h\u00e2te de regarder les JO \u00e0 Paris ! &nbsp;<\/p>\n<\/div>\n<\/div><\/div><\/div><\/div><\/div><\/div>","protected":false},"excerpt":{"rendered":"<p>&nbsp; INSCRIPTIONS Septembre 2026 Une pr\u00e9sentation de notre \u00e9cole et ses projets sont en ligne sur ce site.&nbsp; Pour toute inscription, visite ou renseignements, appeler le chef d&#8217;\u00e9tablissement au 0240549734 ou 0785774368 ou envoyer un mail \u00e0 ec.hte-goulaine.ste-radegonde@ec44.fr &nbsp; Portes Ouvertes Samedi 31 janvier de 9h \u00e0 12h L&#8217;\u00e9quipe \u00e9ducative et les associations de parents<\/p>\n<p><a href=\"https:\/\/sainte-radegondehautegoulaine.fr\/\" class=\"more-link themebutton\">Lire la suite<\/a><\/p>\n","protected":false},"author":1,"featured_media":0,"parent":0,"menu_order":0,"comment_status":"closed","ping_status":"closed","template":"","meta":{"ngg_post_thumbnail":0,"footnotes":""},"_links":{"self":[{"href":"https:\/\/sainte-radegondehautegoulaine.fr\/index.php?rest_route=\/wp\/v2\/pages\/2"}],"collection":[{"href":"https:\/\/sainte-radegondehautegoulaine.fr\/index.php?rest_route=\/wp\/v2\/pages"}],"about":[{"href":"https:\/\/sainte-radegondehautegoulaine.fr\/index.php?rest_route=\/wp\/v2\/types\/page"}],"author":[{"embeddable":true,"href":"https:\/\/sainte-radegondehautegoulaine.fr\/index.php?rest_route=\/wp\/v2\/users\/1"}],"replies":[{"embeddable":true,"href":"https:\/\/sainte-radegondehautegoulaine.fr\/index.php?rest_route=%2Fwp%2Fv2%2Fcomments&post=2"}],"version-history":[{"count":95,"href":"https:\/\/sainte-radegondehautegoulaine.fr\/index.php?rest_route=\/wp\/v2\/pages\/2\/revisions"}],"predecessor-version":[{"id":8234,"href":"https:\/\/sainte-radegondehautegoulaine.fr\/index.php?rest_route=\/wp\/v2\/pages\/2\/revisions\/8234"}],"wp:attachment":[{"href":"https:\/\/sainte-radegondehautegoulaine.fr\/index.php?rest_route=%2Fwp%2Fv2%2Fmedia&parent=2"}],"curies":[{"name":"wp","href":"https:\/\/api.w.org\/{rel}","templated":true}]}}