{"id":29,"date":"2015-06-29T08:02:32","date_gmt":"2015-06-29T07:02:32","guid":{"rendered":"https:\/\/sainte-radegondehautegoulaine.fr\/?page_id=29"},"modified":"2015-07-02T13:08:31","modified_gmt":"2015-07-02T12:08:31","slug":"mentions-legales","status":"publish","type":"page","link":"https:\/\/sainte-radegondehautegoulaine.fr\/?page_id=29","title":{"rendered":"Mentions l\u00e9gales"},"content":{"rendered":"<p><strong>En application de la loi n\u00b02004-575 du 21 juin 2004 relative \u00e0 la confiance dans l\u2019\u00e9conomie num\u00e9rique, vous trouverez ci-dessous les informations l\u00e9gales concernant ce site : <\/strong><\/p>\n<p><strong>Protection des donn\u00e9es personnelles<\/strong><br \/>\nConform\u00e9ment \u00e0 la loi Informatique et Libert\u00e9s du 6 janvier 1978 (art. 34), vous disposez d\u2019un droit d\u2019acc\u00e8s, de rectification ou de suppression concernant les donn\u00e9es personnelles que nous pourrions \u00eatre amen\u00e9s \u00e0 recueillir (donn\u00e9es renseign\u00e9es par vous). <strong><br \/>\n<\/strong><\/p>\n<p><strong>Droits d\u2019auteur <\/strong><br \/>\n<a href=\"http:\/\/www.ec44.fr\/tice\/wp-content\/uploads\/2013\/09\/CC.jpg\"><img loading=\"lazy\" decoding=\"async\" class=\"alignright size-medium wp-image-199\" src=\"http:\/\/www.ec44.fr\/tice\/wp-content\/uploads\/2013\/09\/CC-300x104.jpg\" alt=\"CC\" width=\"87\" height=\"30\" \/><\/a>Tous les articles et documents de ce site sont sous licence Cr\u00e9ative Commons. Vous pouvez les t\u00e9l\u00e9charger et les utiliser \u00e0 des fins p\u00e9dagogiques. Nous vous demandons de conserver la source.<\/p>\n<p>Malgr\u00e9 tous les soins apport\u00e9s \u00e0 la r\u00e9alisation de ce site et \u00e0 son actualisation r\u00e9guli\u00e8re, des erreurs peuvent s\u2019\u00eatre gliss\u00e9es dans les informations et\/ou documents pr\u00e9sent\u00e9s. Si vous en constatez n\u2019h\u00e9sitez pas \u00e0 nous le faire savoir en nous contactant, nous proc\u00e9derons aux rectifications correspondantes.<\/p>\n<p><strong>Liens hypertextes<\/strong><br \/>\nCe site contient des liens hypertextes permettant l\u2019acc\u00e8s \u00e0 des sites qui ne sont pas \u00e9dit\u00e9s par le responsable de ce site.<br \/>\nEn cons\u00e9quence le directeur de publication ne saurait \u00eatre tenu pour responsable du contenu des sites auxquels l\u2019internaute aurait ainsi acc\u00e8s.<\/p>\n<p><strong>\u00c9diteur responsable<\/strong><br \/>\nLe pr\u00e9sent site est la propri\u00e9t\u00e9 de l\u2019\u00e9cole Sainte Radegonde<br \/>\nLe directeur de la publication est C\u00e9cile MERCERON(chef d&#8217;\u00e9tablissement de l\u2019\u00e9cole Sainte Radegonde)<br \/>\nAdresse : 4 rue des \u00e9coles 44115 HAUTE GOULAINE<br \/>\nTel : 02 40 54 97 34<br \/>\nLe webmaster est C\u00e9cile Merceron<\/p>\n<p><strong>R\u00e9alisation, h\u00e9bergement du site<\/strong><br \/>\nLe site est r\u00e9alis\u00e9 par l\u2019\u00e9quipe p\u00e9dagogique de l\u2019\u00e9cole Sainte Radegonde<br \/>\nIl est h\u00e9berg\u00e9 par :<br \/>\nLa soci\u00e9t\u00e9 OVH <a href=\"http:\/\/www.ovh.com\/fr\/index.xml\" target=\"_blank\">http:\/\/www.ovh.com <\/a><\/p>\n<p><strong>Gestion \u00e9ditoriale<br \/>\n<\/strong>La gestion \u00e9ditoriale du site est assur\u00e9e par :<br \/>\nL\u2019\u00e9cole sainte radegonde<br \/>\nAdresse :4 rue des \u00e9coles 44115 haute goulaine<br \/>\nTel :0240549734<\/p>\n","protected":false},"excerpt":{"rendered":"<p>En application de la loi n\u00b02004-575 du 21 juin 2004 relative \u00e0 la confiance dans l\u2019\u00e9conomie num\u00e9rique, vous trouverez ci-dessous les informations l\u00e9gales concernant ce site : Protection des donn\u00e9es personnelles Conform\u00e9ment \u00e0 la loi Informatique et Libert\u00e9s du 6 janvier 1978 (art. 34), vous disposez d\u2019un droit d\u2019acc\u00e8s, de rectification ou de suppression concernant<\/p>\n<p><a href=\"https:\/\/sainte-radegondehautegoulaine.fr\/?page_id=29\" class=\"more-link themebutton\">Lire la suite<\/a><\/p>\n","protected":false},"author":1,"featured_media":0,"parent":0,"menu_order":0,"comment_status":"closed","ping_status":"closed","template":"","meta":{"ngg_post_thumbnail":0,"footnotes":""},"_links":{"self":[{"href":"https:\/\/sainte-radegondehautegoulaine.fr\/index.php?rest_route=\/wp\/v2\/pages\/29"}],"collection":[{"href":"https:\/\/sainte-radegondehautegoulaine.fr\/index.php?rest_route=\/wp\/v2\/pages"}],"about":[{"href":"https:\/\/sainte-radegondehautegoulaine.fr\/index.php?rest_route=\/wp\/v2\/types\/page"}],"author":[{"embeddable":true,"href":"https:\/\/sainte-radegondehautegoulaine.fr\/index.php?rest_route=\/wp\/v2\/users\/1"}],"replies":[{"embeddable":true,"href":"https:\/\/sainte-radegondehautegoulaine.fr\/index.php?rest_route=%2Fwp%2Fv2%2Fcomments&post=29"}],"version-history":[{"count":3,"href":"https:\/\/sainte-radegondehautegoulaine.fr\/index.php?rest_route=\/wp\/v2\/pages\/29\/revisions"}],"predecessor-version":[{"id":43,"href":"https:\/\/sainte-radegondehautegoulaine.fr\/index.php?rest_route=\/wp\/v2\/pages\/29\/revisions\/43"}],"wp:attachment":[{"href":"https:\/\/sainte-radegondehautegoulaine.fr\/index.php?rest_route=%2Fwp%2Fv2%2Fmedia&parent=29"}],"curies":[{"name":"wp","href":"https:\/\/api.w.org\/{rel}","templated":true}]}}