{"id":4540,"date":"2021-01-09T19:26:38","date_gmt":"2021-01-09T18:26:38","guid":{"rendered":"https:\/\/sainte-radegondehautegoulaine.fr\/?page_id=4540"},"modified":"2025-12-11T09:29:06","modified_gmt":"2025-12-11T08:29:06","slug":"portes-ouvertes-2021","status":"publish","type":"page","link":"https:\/\/sainte-radegondehautegoulaine.fr\/?page_id=4540","title":{"rendered":"Portes Ouvertes"},"content":{"rendered":"<p style=\"text-align: center;\"><strong>Portes Ouvertes<\/strong><\/p>\n<p>Samedi 31 janvier 2026<\/p>\n<p>de 9h \u00e0 12h<\/p>\n<p>L&#8217;\u00e9quipe \u00e9ducative, les enfants, les associations de parents : l&#8217;OGEC et l&#8217;APEL vous donnent rdv pour vous faire d\u00e9couvrir l&#8217;\u00e9cole Sainte Radegonde.<\/p>\n<p>Venez nombreux !<\/p>\n<p><a href=\"https:\/\/sainte-radegondehautegoulaine.fr\/wp-content\/uploads\/2025\/12\/Affiche-PO-31-janvier-2026.jpg\"><img loading=\"lazy\" decoding=\"async\" class=\" wp-image-8034 aligncenter\" src=\"https:\/\/sainte-radegondehautegoulaine.fr\/wp-content\/uploads\/2025\/12\/Affiche-PO-31-janvier-2026-212x300.jpg\" alt=\"\" width=\"259\" height=\"367\" srcset=\"https:\/\/sainte-radegondehautegoulaine.fr\/wp-content\/uploads\/2025\/12\/Affiche-PO-31-janvier-2026-212x300.jpg 212w, https:\/\/sainte-radegondehautegoulaine.fr\/wp-content\/uploads\/2025\/12\/Affiche-PO-31-janvier-2026-724x1024.jpg 724w, https:\/\/sainte-radegondehautegoulaine.fr\/wp-content\/uploads\/2025\/12\/Affiche-PO-31-janvier-2026-768x1086.jpg 768w, https:\/\/sainte-radegondehautegoulaine.fr\/wp-content\/uploads\/2025\/12\/Affiche-PO-31-janvier-2026-1086x1536.jpg 1086w, https:\/\/sainte-radegondehautegoulaine.fr\/wp-content\/uploads\/2025\/12\/Affiche-PO-31-janvier-2026.jpg 1131w\" sizes=\"(max-width: 259px) 100vw, 259px\" \/><\/a><\/p>\n<p>&nbsp;<\/p>\n<p>&nbsp;<\/p>\n<p>&nbsp;<\/p>\n<p>&nbsp;<\/p>\n<p>&nbsp;<\/p>\n","protected":false},"excerpt":{"rendered":"<p>Portes Ouvertes Samedi 31 janvier 2026 de 9h \u00e0 12h L&#8217;\u00e9quipe \u00e9ducative, les enfants, les associations de parents : l&#8217;OGEC et l&#8217;APEL vous donnent rdv pour vous faire d\u00e9couvrir l&#8217;\u00e9cole Sainte Radegonde. Venez nombreux ! &nbsp; &nbsp; &nbsp; &nbsp; &nbsp;<\/p>\n","protected":false},"author":2,"featured_media":0,"parent":0,"menu_order":0,"comment_status":"closed","ping_status":"closed","template":"","meta":{"ngg_post_thumbnail":0,"footnotes":""},"_links":{"self":[{"href":"https:\/\/sainte-radegondehautegoulaine.fr\/index.php?rest_route=\/wp\/v2\/pages\/4540"}],"collection":[{"href":"https:\/\/sainte-radegondehautegoulaine.fr\/index.php?rest_route=\/wp\/v2\/pages"}],"about":[{"href":"https:\/\/sainte-radegondehautegoulaine.fr\/index.php?rest_route=\/wp\/v2\/types\/page"}],"author":[{"embeddable":true,"href":"https:\/\/sainte-radegondehautegoulaine.fr\/index.php?rest_route=\/wp\/v2\/users\/2"}],"replies":[{"embeddable":true,"href":"https:\/\/sainte-radegondehautegoulaine.fr\/index.php?rest_route=%2Fwp%2Fv2%2Fcomments&post=4540"}],"version-history":[{"count":11,"href":"https:\/\/sainte-radegondehautegoulaine.fr\/index.php?rest_route=\/wp\/v2\/pages\/4540\/revisions"}],"predecessor-version":[{"id":8036,"href":"https:\/\/sainte-radegondehautegoulaine.fr\/index.php?rest_route=\/wp\/v2\/pages\/4540\/revisions\/8036"}],"wp:attachment":[{"href":"https:\/\/sainte-radegondehautegoulaine.fr\/index.php?rest_route=%2Fwp%2Fv2%2Fmedia&parent=4540"}],"curies":[{"name":"wp","href":"https:\/\/api.w.org\/{rel}","templated":true}]}}