{"id":71,"date":"2015-07-02T14:01:11","date_gmt":"2015-07-02T13:01:11","guid":{"rendered":"https:\/\/sainte-radegondehautegoulaine.fr\/?page_id=71"},"modified":"2026-04-09T08:39:37","modified_gmt":"2026-04-09T07:39:37","slug":"apel","status":"publish","type":"page","link":"https:\/\/sainte-radegondehautegoulaine.fr\/?page_id=71","title":{"rendered":"APEL"},"content":{"rendered":"<p align=\"CENTER\"><strong>Qu&#8217;est-ce que l&#8217;APEL&nbsp;?<\/strong><\/p>\n<p>&nbsp;<\/p>\n<p>L&#8217;APEL est une association loi 1901 \u00e0 but non lucratif, d\u00e9clar\u00e9e en pr\u00e9fecture et constitu\u00e9e d&#8217;un bureau avec ses membres, tous parents d&#8217;\u00e9l\u00e8ves de l&#8217;\u00e9cole Sainte Radegonde.<\/p>\n<p><strong>A quoi sert l&#8217;APEL&nbsp;?<\/strong><\/p>\n<p>L&#8217;APEL&nbsp;:<\/p>\n<ul>\n<li>repr\u00e9sente les familles aupr\u00e8s de l&#8217;\u00e9quipe enseignante et de l&#8217;OGEC<\/li>\n<li>accueille les nouveaux parents et enfants lors de la matin\u00e9e d&#8217;int\u00e9gration<\/li>\n<li>soutient les enseignants dans la r\u00e9alisation de projets p\u00e9dagogiques&nbsp;: Nous organisons des actions pour r\u00e9colter des fonds qui financent l&#8217;achat de mat\u00e9riel p\u00e9dagogique et ludique, et qui permettent aussi de r\u00e9duire les co\u00fbts des diverses sorties scolaires, spectacles, etc. tout au long de l&#8217;ann\u00e9e (voir \u00ab&nbsp;LES ACTIONS&nbsp;\u00bb)<\/li>\n<\/ul>\n<p>L&#8217;objectif est de participer au bien-\u00eatre de tous les enfants, et de contribuer \u00e0 faire de l&#8217;\u00e9cole un lieu o\u00f9 l&#8217;on se sent bien, \u00e0 la rendre plus ouverte, vivante, accueillante et dynamique.<\/p>\n<p align=\"CENTER\"><strong>Comment peut fonctionner l&#8217;APEL&nbsp;?<\/strong><\/p>\n<p>&nbsp;<\/p>\n<p>Sans parent, c&#8217;est impossible.<\/p>\n<p>Avec 2 ou 3 parents, c&#8217;est tr\u00e8s difficile.<\/p>\n<p>Avec 5 \u00e0 10 parents, une v\u00e9ritable \u00e9quipe se forme, on met des projets en \u0153uvre.<\/p>\n<p>Plus de 10 parents&nbsp;: le tour est jou\u00e9&nbsp;!<\/p>\n<p>&nbsp;<\/p>\n<p>Bref, vous l&#8217;aurez compris, plus riches sont les id\u00e9es, les \u00e9changes, les projets&#8230; Et plus facile est la mise en \u0153uvre de ces projets.<\/p>\n<p>&nbsp;<\/p>\n<p>Les parents ont tous un r\u00f4le \u00e0 jouer au sein de la communaut\u00e9 \u00e9ducative.<\/p>\n<p>Alors si vous avez envie de participer \u00e0 la vie de l&#8217;\u00e9cole de votre enfant, et m\u00eame si vous n&#8217;avez que peu de temps, n&#8217;h\u00e9sitez plus et venez rejoindre notre \u00e9quipe conviviale&nbsp;!<\/p>\n<p>La richesse de chacun permet d&#8217;\u00e9lever l&#8217;\u00e9difice !<\/p>\n<p><strong>Bureau de l&#8217;APEL:<\/strong><\/p>\n<p>Pr\u00e9sidente et vice pr\u00e9sidente :<\/p>\n<p>Madame Durand Redureau<\/p>\n<p>Madame Manga Lob\u00e9<\/p>\n<p>Madame&nbsp; Charon<\/p>\n<p>&nbsp;<\/p>\n<p>&nbsp;<\/p>\n","protected":false},"excerpt":{"rendered":"<p>Qu&#8217;est-ce que l&#8217;APEL&nbsp;? &nbsp; L&#8217;APEL est une association loi 1901 \u00e0 but non lucratif, d\u00e9clar\u00e9e en pr\u00e9fecture et constitu\u00e9e d&#8217;un bureau avec ses membres, tous parents d&#8217;\u00e9l\u00e8ves de l&#8217;\u00e9cole Sainte Radegonde. A quoi sert l&#8217;APEL&nbsp;? L&#8217;APEL&nbsp;: repr\u00e9sente les familles aupr\u00e8s de l&#8217;\u00e9quipe enseignante et de l&#8217;OGEC accueille les nouveaux parents et enfants lors de la<\/p>\n<p><a href=\"https:\/\/sainte-radegondehautegoulaine.fr\/?page_id=71\" class=\"more-link themebutton\">Lire la suite<\/a><\/p>\n","protected":false},"author":2,"featured_media":0,"parent":0,"menu_order":0,"comment_status":"closed","ping_status":"closed","template":"","meta":{"ngg_post_thumbnail":0,"footnotes":""},"_links":{"self":[{"href":"https:\/\/sainte-radegondehautegoulaine.fr\/index.php?rest_route=\/wp\/v2\/pages\/71"}],"collection":[{"href":"https:\/\/sainte-radegondehautegoulaine.fr\/index.php?rest_route=\/wp\/v2\/pages"}],"about":[{"href":"https:\/\/sainte-radegondehautegoulaine.fr\/index.php?rest_route=\/wp\/v2\/types\/page"}],"author":[{"embeddable":true,"href":"https:\/\/sainte-radegondehautegoulaine.fr\/index.php?rest_route=\/wp\/v2\/users\/2"}],"replies":[{"embeddable":true,"href":"https:\/\/sainte-radegondehautegoulaine.fr\/index.php?rest_route=%2Fwp%2Fv2%2Fcomments&post=71"}],"version-history":[{"count":9,"href":"https:\/\/sainte-radegondehautegoulaine.fr\/index.php?rest_route=\/wp\/v2\/pages\/71\/revisions"}],"predecessor-version":[{"id":8431,"href":"https:\/\/sainte-radegondehautegoulaine.fr\/index.php?rest_route=\/wp\/v2\/pages\/71\/revisions\/8431"}],"wp:attachment":[{"href":"https:\/\/sainte-radegondehautegoulaine.fr\/index.php?rest_route=%2Fwp%2Fv2%2Fmedia&parent=71"}],"curies":[{"name":"wp","href":"https:\/\/api.w.org\/{rel}","templated":true}]}}