{"id":81,"date":"2015-07-02T20:43:30","date_gmt":"2015-07-02T19:43:30","guid":{"rendered":"https:\/\/sainte-radegondehautegoulaine.fr\/?page_id=81"},"modified":"2015-09-07T20:18:14","modified_gmt":"2015-09-07T19:18:14","slug":"communaute-locale-educative","status":"publish","type":"page","link":"https:\/\/sainte-radegondehautegoulaine.fr\/?page_id=81","title":{"rendered":"Communaut\u00e9 Locale Educative"},"content":{"rendered":"<p>La CLE Bras de Loire<\/p>\n<p>La CLE exprime la volont\u00e9, sur un secteur territorial de proximit\u00e9, de vivre une relation \u00e9troite pour d\u00e9velopper et entretenir une fraternit\u00e9 dans les domaines p\u00e9dagogiques, \u00e9ducatifs et pastoraux.<\/p>\n<p>Ainsi le principal objectif d&#8217;une CLE est de proposer, \u00e0 chaque \u00e9l\u00e8ve, un parcours scolaire complet dans l&#8217;enseignement catholique, de la maternelle au post-bac.<\/p>\n<p>L&#8217;id\u00e9e est de d\u00e9velopper des solidarit\u00e9s et des mutualisations <a href=\"https:\/\/sainte-radegondehautegoulaine.fr\/wp-content\/uploads\/2015\/07\/CAM00730.jpg\"><img loading=\"lazy\" decoding=\"async\" class=\" size-medium wp-image-45 aligncenter\" src=\"https:\/\/sainte-radegondehautegoulaine.fr\/wp-content\/uploads\/2015\/07\/CAM00730-300x67.jpg\" alt=\"CAM00730\" width=\"300\" height=\"67\" srcset=\"https:\/\/sainte-radegondehautegoulaine.fr\/wp-content\/uploads\/2015\/07\/CAM00730-300x67.jpg 300w, https:\/\/sainte-radegondehautegoulaine.fr\/wp-content\/uploads\/2015\/07\/CAM00730-1024x229.jpg 1024w, https:\/\/sainte-radegondehautegoulaine.fr\/wp-content\/uploads\/2015\/07\/CAM00730.jpg 2000w\" sizes=\"(max-width: 300px) 100vw, 300px\" \/><\/a><\/p>\n","protected":false},"excerpt":{"rendered":"<p>La CLE Bras de Loire La CLE exprime la volont\u00e9, sur un secteur territorial de proximit\u00e9, de vivre une relation \u00e9troite pour d\u00e9velopper et entretenir une fraternit\u00e9 dans les domaines p\u00e9dagogiques, \u00e9ducatifs et pastoraux. Ainsi le principal objectif d&#8217;une CLE est de proposer, \u00e0 chaque \u00e9l\u00e8ve, un parcours scolaire complet dans l&#8217;enseignement catholique, de la<\/p>\n<p><a href=\"https:\/\/sainte-radegondehautegoulaine.fr\/?page_id=81\" class=\"more-link themebutton\">Lire la suite<\/a><\/p>\n","protected":false},"author":2,"featured_media":0,"parent":0,"menu_order":0,"comment_status":"closed","ping_status":"closed","template":"","meta":{"ngg_post_thumbnail":0,"footnotes":""},"_links":{"self":[{"href":"https:\/\/sainte-radegondehautegoulaine.fr\/index.php?rest_route=\/wp\/v2\/pages\/81"}],"collection":[{"href":"https:\/\/sainte-radegondehautegoulaine.fr\/index.php?rest_route=\/wp\/v2\/pages"}],"about":[{"href":"https:\/\/sainte-radegondehautegoulaine.fr\/index.php?rest_route=\/wp\/v2\/types\/page"}],"author":[{"embeddable":true,"href":"https:\/\/sainte-radegondehautegoulaine.fr\/index.php?rest_route=\/wp\/v2\/users\/2"}],"replies":[{"embeddable":true,"href":"https:\/\/sainte-radegondehautegoulaine.fr\/index.php?rest_route=%2Fwp%2Fv2%2Fcomments&post=81"}],"version-history":[{"count":5,"href":"https:\/\/sainte-radegondehautegoulaine.fr\/index.php?rest_route=\/wp\/v2\/pages\/81\/revisions"}],"predecessor-version":[{"id":242,"href":"https:\/\/sainte-radegondehautegoulaine.fr\/index.php?rest_route=\/wp\/v2\/pages\/81\/revisions\/242"}],"wp:attachment":[{"href":"https:\/\/sainte-radegondehautegoulaine.fr\/index.php?rest_route=%2Fwp%2Fv2%2Fmedia&parent=81"}],"curies":[{"name":"wp","href":"https:\/\/api.w.org\/{rel}","templated":true}]}}