{"id":84,"date":"2015-07-02T20:49:16","date_gmt":"2015-07-02T19:49:16","guid":{"rendered":"https:\/\/sainte-radegondehautegoulaine.fr\/?page_id=84"},"modified":"2025-03-28T10:55:44","modified_gmt":"2025-03-28T09:55:44","slug":"projet-pastoral","status":"publish","type":"page","link":"https:\/\/sainte-radegondehautegoulaine.fr\/?page_id=84","title":{"rendered":"Projet pastoral"},"content":{"rendered":"<p><span style=\"color: #003366;\">PROJET PASTORAL<\/span><\/p>\n<p>\u00ab&nbsp;Vivre ensemble avec nos diff\u00e9rences&nbsp;\u00bb<\/p>\n<p>A partir du cycle I , les maternelles, nous proposons un parcours autour des temps forts:No\u00ebl, P\u00e2ques.<br \/>\nLe cycle II, CP et CE1 propose un parcours d&#8217;\u00e9veil \u00e0 la foi avec \u00ab&nbsp;les aventures de Zou&nbsp;\u00bb.<br \/>\nNous proposons aux \u00e9l\u00e8ves de cycle III, du CE2 au CM2, deux parcours&nbsp;:<br \/>\n&#8211; la culture chr\u00e9tienne avec 3 livrets d\u00e9clin\u00e9s sur 3 ans \u00ab Anne et L\u00e9o \u00bb<\/p>\n<p>&nbsp;&#8211; un parcours cat\u00e9chis\u00e9 vers un parcours de foi et de pri\u00e8res.<\/p>\n<p><span style=\"color: #800080;\">Cat\u00e9ch\u00e8se<\/span> : Elle propose des cheminements pour d\u00e9couvrir et s\u2019approprier la foi de l\u2019Eglise. Elle permet de d\u00e9velopper une relation personnelle \u00e0 Dieu par l\u2019apprentissage \u00e0 la pri\u00e8re et l\u2019enfant se pr\u00e9pare au sacrement de l\u2019Eucharistie apr\u00e8s deux ann\u00e9es de partage.<br \/>\no Le temps de cat\u00e9ch\u00e8se est anim\u00e9 par un cat\u00e9chiste (parent ou enseignant b\u00e9n\u00e9vole) qui t\u00e9moigne de la foi de l\u2019Eglise et de sa foi personnelle.<br \/>\no Le parcours de cat\u00e9ch\u00e8se utilis\u00e9, choisi en lien avec la paroisse : Nathana\u00ebl. Il a \u00e9t\u00e9 r\u00e9dig\u00e9 par les directions dioc\u00e9saines de l\u2019enseignement catholique d\u2019Angers, de Nantes et de Laval et le service Foi du dioc\u00e8se d\u2019Angers.<br \/>\nLa cat\u00e9ch\u00e8se est toujours une cat\u00e9ch\u00e8se paroissiale. Les c\u00e9l\u00e9brations et sacrements sont parties int\u00e9grantes d\u2019une d\u00e9marche cat\u00e9ch\u00e9tique.<\/p>\n<p><span style=\"color: #993366;\">Culture chr\u00e9tienne<\/span> : elle permet de conna\u00eetre une culture particuli\u00e8re qui a profond\u00e9ment influenc\u00e9 notre soci\u00e9t\u00e9 dans tous les domaines (art, litt\u00e9rature, histoire).<br \/>\no Le parcours utilis\u00e9 : \u00ab Anne et L\u00e9o \u00bb : c\u2019est un document produit par les Directions<br \/>\nDioc\u00e9saines de l\u2019Enseignement Catholique d\u2019Angers et de Nantes, \u00e9ditions M\u00e9diaclap.<br \/>\nLa culture chr\u00e9tienne ne n\u00e9cessite pas une adh\u00e9sion \u00e0 la foi. Elle vise \u00e0 transmettre des connaissances qui ne permettent pas de pr\u00e9tendre \u00e0 une demande sacramentelle.<\/p>\n<p><strong><span style=\"color: #ff0000;\">\u00ab&nbsp;Rencontrer quelqu&#8217;un c&#8217;est \u00eatre proche de lui&nbsp;\u00bb<\/span><\/strong><br \/>\nCes temps de cat\u00e9ch\u00e8se sont en petits groupes et anim\u00e9s conjointement par des b\u00e9n\u00e9voles de la paroisse et les enseignants.<\/p>\n<p>Le temps fort chaque ann\u00e9e : La c\u00e9l\u00e9bration de No\u00ebl en d\u00e9cembre<br \/>\nUn temps de partage, de rencontres, avec tous les enfants de l&#8217;\u00e9cole et leurs parents.<\/p>\n<p><span style=\"color: #ff6600;\">Un vrai temps de convivialit\u00e9 et de rencontres<\/span><\/p>\n","protected":false},"excerpt":{"rendered":"<p>PROJET PASTORAL \u00ab&nbsp;Vivre ensemble avec nos diff\u00e9rences&nbsp;\u00bb A partir du cycle I , les maternelles, nous proposons un parcours autour des temps forts:No\u00ebl, P\u00e2ques. Le cycle II, CP et CE1 propose un parcours d&#8217;\u00e9veil \u00e0 la foi avec \u00ab&nbsp;les aventures de Zou&nbsp;\u00bb. Nous proposons aux \u00e9l\u00e8ves de cycle III, du CE2 au CM2, deux parcours&nbsp;:<\/p>\n<p><a href=\"https:\/\/sainte-radegondehautegoulaine.fr\/?page_id=84\" class=\"more-link themebutton\">Lire la suite<\/a><\/p>\n","protected":false},"author":2,"featured_media":0,"parent":0,"menu_order":0,"comment_status":"closed","ping_status":"closed","template":"","meta":{"ngg_post_thumbnail":0,"footnotes":""},"_links":{"self":[{"href":"https:\/\/sainte-radegondehautegoulaine.fr\/index.php?rest_route=\/wp\/v2\/pages\/84"}],"collection":[{"href":"https:\/\/sainte-radegondehautegoulaine.fr\/index.php?rest_route=\/wp\/v2\/pages"}],"about":[{"href":"https:\/\/sainte-radegondehautegoulaine.fr\/index.php?rest_route=\/wp\/v2\/types\/page"}],"author":[{"embeddable":true,"href":"https:\/\/sainte-radegondehautegoulaine.fr\/index.php?rest_route=\/wp\/v2\/users\/2"}],"replies":[{"embeddable":true,"href":"https:\/\/sainte-radegondehautegoulaine.fr\/index.php?rest_route=%2Fwp%2Fv2%2Fcomments&post=84"}],"version-history":[{"count":4,"href":"https:\/\/sainte-radegondehautegoulaine.fr\/index.php?rest_route=\/wp\/v2\/pages\/84\/revisions"}],"predecessor-version":[{"id":7337,"href":"https:\/\/sainte-radegondehautegoulaine.fr\/index.php?rest_route=\/wp\/v2\/pages\/84\/revisions\/7337"}],"wp:attachment":[{"href":"https:\/\/sainte-radegondehautegoulaine.fr\/index.php?rest_route=%2Fwp%2Fv2%2Fmedia&parent=84"}],"curies":[{"name":"wp","href":"https:\/\/api.w.org\/{rel}","templated":true}]}}